{"id":1527,"date":"2022-10-03T21:09:19","date_gmt":"2022-10-03T19:09:19","guid":{"rendered":"https:\/\/new.substanceoflife.com\/contact\/"},"modified":"2023-11-11T19:46:38","modified_gmt":"2023-11-11T18:46:38","slug":"kontakt","status":"publish","type":"page","link":"https:\/\/www.substanceoflife.com\/hr\/kontakt\/","title":{"rendered":"Kontakt"},"content":{"rendered":"<section class=\"ffb-id-66ic6j2b fg-section fg-el-has-bg fg-text-dark\" data-fg-wow=\"rollIn\"><span class=\"fg-bg\"><span data-fg-bg=\"{&quot;type&quot;:&quot;color&quot;,&quot;opacity&quot;:1,&quot;color&quot;:&quot;#fff4e6&quot;}\" class=\"fg-bg-layer fg-bg-type-color \" style=\"opacity: 1; background-color: #fff4e6;\"><\/span><\/span><div class=\"fg-container container fg-container-small fg-container-lvl--1 fg-container-no-padding\"><div class=\"fg-row row    \" ><div class=\"ffb-id-66igge36 fg-col col-xs-12 col-md-12 fg-text-dark\"><h3 class=\"ffb-id-66ic6j39 fg-heading text-center  text-md-left  fg-text-dark\">Kontaktirajte me!<\/h3><\/div><div class=\"ffb-id-66igj9so fg-col col-xs-12 col-md-3 fg-text-dark\"><img decoding=\"async\" class=\"ffb-id-66igj9sp fg-image  img-responsive fg-text-dark\" src=\"https:\/\/www.substanceoflife.com\/wp-content\/uploads\/2022\/10\/substance-of-life-davor-vdovic-2.jpg\" alt=\"substance-of-life-davor-vdovic-2\"><\/div><div class=\"ffb-id-66ic6j2c fg-col col-xs-12 col-md-9 fg-text-dark\"><form class=\"ffb-id-66ic6j3a ff-custom-form fg-text-dark\" action=\"#\" method=\"POST\" data-unique-id=\"66ic6j3a\" data-custom-form-settings=\"{&quot;form-action&quot;:&quot;email&quot;}\" autocomplete=\"off\" ><div class=\"ffb-id-66ic6j3o hidden ff-message-send-ok fg-text-dark\"><section class=\"ffb-id-66igjoaf icon-box-v4 clearfix icon-position-left icon-box-v4-left fg-text-dark\"><div class=\"theme-icons-wrap icon-box-v4-element fg-text-dark ffb-icon-wrapper\"><i class=\"theme-icons\n\t\t\t\t\t\t\ttheme-icons-base-bg\n\t\t\t\t\t\t\ttheme-icons-lg\n\t\t\t\t\t\t\tradius-circle ff-font-awesome4 icon-check\"><\/i><\/div><div class=\"icon-box-v4-body fg-text-dark ffb-labels\"><h3 class=\"icon-box-v4-body-title fg-text-dark ffb-title-1\">Poruka poslana!<\/h3><p class=\"icon-box-v4-body-text fg-text-dark ffb-description-2\">Hvala, odgovorit \u0107u u najkra\u0107em mogu\u0107em roku!<\/p><\/div><\/section><\/div><div class=\"ffb-id-66ic6j3r hidden ff-message-send-wrong fg-text-dark\"><section class=\"ffb-id-66igk9vv icon-box-v4 clearfix icon-position-left icon-box-v4-left fg-text-dark\"><div class=\"theme-icons-wrap icon-box-v4-element fg-text-dark ffb-icon-wrapper\"><i class=\"theme-icons\n\t\t\t\t\t\t\ttheme-icons-base-bg\n\t\t\t\t\t\t\ttheme-icons-lg\n\t\t\t\t\t\t\tradius-circle ff-font-awesome4 icon-close\"><\/i><\/div><div class=\"icon-box-v4-body fg-text-dark ffb-labels\"><h3 class=\"icon-box-v4-body-title fg-text-dark ffb-title-1\">Gre\u0161ka!<\/h3><p class=\"icon-box-v4-body-text fg-text-dark ffb-description-2\">Do\u0161lo je do problema kod slanja poruke, molimo poku\u0161ajte kasnije!<\/p><\/div><\/section><\/div><div class=\"ffb-id-66icue7o fg-wrapper fg-text-dark\" id=\"#sofl-form\"><p class=\"ffb-id-66igl5h6 fg-paragraph text-left    fg-text-dark\">Upi\u0161ite svoje ime:<\/p><input class=\"ffb-id-66igltu7 form-control ff-form-input ff-form-input-item fg-text-dark\" type=\"text\" data-name=\"name\" data-input-type=\"text\" data-validation=\"{&quot;checkbox-validation&quot;:&quot;0&quot;,&quot;checkbox-validation-message&quot;:&quot;Checking this box is required.&quot;,&quot;is-required&quot;:&quot;1&quot;,&quot;is-required-message&quot;:&quot;Obavezno polje.&quot;,&quot;validation-type&quot;:&quot;none&quot;,&quot;validation-type-regex&quot;:&quot;&quot;,&quot;validation-type-custom-function&quot;:&quot;&quot;,&quot;validation-message&quot;:&quot;This field is not valid.&quot;,&quot;min-length-has&quot;:&quot;1&quot;,&quot;min-length&quot;:&quot;5&quot;,&quot;min-length-message&quot;:&quot;Upi\\u0161ite bar 5 znakova.&quot;}\"><p class=\"ffb-id-66igmk2u fg-paragraph text-left    fg-text-dark\">Upi\u0161ite svoju e-mail adresu:<\/p><input class=\"ffb-id-66ign8qe form-control ff-form-input ff-form-input-item fg-text-dark\" type=\"text\" data-name=\"email\" data-input-type=\"text\" data-validation=\"{&quot;checkbox-validation&quot;:&quot;0&quot;,&quot;checkbox-validation-message&quot;:&quot;Checking this box is required.&quot;,&quot;is-required&quot;:&quot;1&quot;,&quot;is-required-message&quot;:&quot;Obavezno polje.&quot;,&quot;validation-type&quot;:&quot;email&quot;,&quot;validation-type-regex&quot;:&quot;&quot;,&quot;validation-type-custom-function&quot;:&quot;&quot;,&quot;validation-message&quot;:&quot;Upisana e-mail adresa nije ispravna.&quot;,&quot;min-length-has&quot;:&quot;0&quot;,&quot;min-length&quot;:&quot;5&quot;,&quot;min-length-message&quot;:&quot;Minimal length is 5 characters&quot;}\"><p class=\"ffb-id-66ignr9v fg-paragraph text-left    fg-text-dark\">Upi\u0161ite poruku:<\/p><textarea class=\"ffb-id-66igog86 form-control ff-form-input ff-form-input-item fg-text-dark\" type=\"text\" data-name=\"message\" data-input-type=\"textarea\" rows=\"5\" data-validation=\"{&quot;checkbox-validation&quot;:&quot;0&quot;,&quot;checkbox-validation-message&quot;:&quot;Checking this box is required.&quot;,&quot;is-required&quot;:&quot;1&quot;,&quot;is-required-message&quot;:&quot;Obavezno polje.&quot;,&quot;validation-type&quot;:&quot;none&quot;,&quot;validation-type-regex&quot;:&quot;&quot;,&quot;validation-type-custom-function&quot;:&quot;&quot;,&quot;validation-message&quot;:&quot;&quot;,&quot;min-length-has&quot;:&quot;1&quot;,&quot;min-length&quot;:&quot;10&quot;,&quot;min-length-message&quot;:&quot;Upi\\u0161ite bar 10 znakova.&quot;}\"><\/textarea><div class=\"ffb-id-66igoplm ffb-contact-button-send-wrapper fg-text-dark\"><span class=\"ffb-contact-button-send\"><a class=\"ffb-block-button-2-0 ffb-btn ffb-btn-v1 ffb-btn-link  btn-base-brd-slide btn-slide radius-3 btn-base-md    btn-w-auto fg-text-dark ffb-button1-1\"><span class=\"btn-text\">Po\u0161alji<\/span><\/a><\/span><\/div><\/div><div class=\"ff-contact-info\" style=\"display:none;\">5561,5472,5539,5547,5535,5543,5546,5472,5496,5472,5538,5535,5556,5549,5552,5484,5556,5538,5549,5556,5543,5537,5502,5541,5547,5535,5543,5546,5484,5537,5549,5547,5472,5482,5472,5553,5555,5536,5544,5539,5537,5554,5472,5496,5472,5521,5549,5540,5514,5470,5557,5539,5536,5496,5470,5513,5549,5548,5554,5535,5545,5554,5472,5482,5472,5542,5539,5535,5538,5539,5552,5553,5472,5496,5472,5520,5539,5550,5546,5559,5483,5522,5549,5496,5475,5539,5547,5535,5543,5546,5475,5472,5482,5472,5547,5539,5553,5553,5535,5541,5539,5472,5496,5472,5511,5547,5539,5496,5470,5475,5548,5535,5547,5539,5475,5530,5548,5539,5483,5547,5535,5543,5546,5496,5470,5475,5539,5547,5535,5543,5546,5475,5530,5548,5518,5549,5552,5555,5545,5535,5496,5530,5548,5475,5547,5539,5553,5553,5535,5541,5539,5475,5530,5548,5472,5563<\/div><\/form><\/div><\/div><\/div><\/section><style>.ffb-id-66ic6j2b{ margin-top: 30px;margin-bottom: 30px;padding-top: 30px;padding-bottom: 30px;}@media (min-width:992px) { .ffb-id-66ic6j2b{ margin-top: 150px;margin-bottom: 150px;}}.ffb-id-66ic6j2b{ border: 1px solid #ffc776 !important;}.ffb-id-66ic6j3a .ff-contact-info{ display:none;}.ffb-id-66igoplm .ffb-button1-1.ffb-block-button-2-0.btn-base-brd-slide{ color:#ffffff;}.ffb-id-66igoplm .ffb-button1-1.ffb-block-button-2-0.btn-base-brd-slide{ border-color: transparent;}.ffb-id-66igoplm .ffb-button1-1.ffb-block-button-2-0.btn-base-brd-slide:hover{ border-color: transparent;}.ffb-id-66igoplm .ffb-button1-1.ffb-block-button-2-0.btn-base-brd-slide{ background-color:#a0ce4e;}.ffb-id-66igoplm .ffb-button1-1.ffb-block-button-2-0.btn-base-brd-slide:hover{ background-color:#96c346;}.ffb-id-66igoplm{ font-weight: 600 !important;text-align: center !important;}.ffb-id-66igoplm ,.ffb-id-66igoplm:before,.ffb-id-66igoplm:after,.ffb-id-66igoplm:hover,.ffb-id-66igoplm:focus,.ffb-id-66igoplm *,.ffb-id-66igoplm *:before,.ffb-id-66igoplm *:after,.ffb-id-66igoplm *:hover,.ffb-id-66igoplm *:focus{ font-weight: 600 !important;text-align: center !important;}.ffb-id-66igoplm .ffb-button1-1.ffb-block-button-1-0.btn-base-brd-slide{ color:#ffffff;}.ffb-id-66igoplm .ffb-button1-1.ffb-block-button-1-0.btn-base-brd-slide{ border-color: transparent;}.ffb-id-66igoplm .ffb-button1-1.ffb-block-button-1-0.btn-base-brd-slide:hover{ border-color: transparent;}.ffb-id-66igoplm .ffb-button1-1.ffb-block-button-1-0.btn-base-brd-slide{ background-color:#a0ce4e;}.ffb-id-66igoplm .ffb-button1-1.ffb-block-button-1-0.btn-base-brd-slide:hover{ background-color:#96c346;}.ffb-id-66igoplm{ font-weight: 600 !important;text-align: center !important;}.ffb-id-66igoplm ,.ffb-id-66igoplm:before,.ffb-id-66igoplm:after,.ffb-id-66igoplm:hover,.ffb-id-66igoplm:focus,.ffb-id-66igoplm *,.ffb-id-66igoplm *:before,.ffb-id-66igoplm *:after,.ffb-id-66igoplm *:hover,.ffb-id-66igoplm *:focus{ font-weight: 600 !important;text-align: center !important;}.ffb-id-66igog86.form-control + label.error{ color:#ff0000;}.ffb-id-66igog86.checkbox + label.error{ color:#ff0000;}.ffb-id-66ign8qe.form-control + label.error{ color:#ff0000;}.ffb-id-66ign8qe.checkbox + label.error{ color:#ff0000;}.ffb-id-66igltu7.form-control + label.error{ color:#ff0000;}.ffb-id-66igltu7.checkbox + label.error{ color:#ff0000;}.ffb-id-66igk9vv .ffb-icon-wrapper  .theme-icons-base-bg{ color:#ffffff;}.ffb-id-66igk9vv .ffb-icon-wrapper  .theme-icons-base-bg{ background-color:#ff0000;}.ffb-id-66igjoaf .ffb-icon-wrapper  .theme-icons-base-bg{ color:#ffffff;}.ffb-id-66igjoaf .ffb-icon-wrapper  .theme-icons-base-bg{ background-color:#a0ce4e;}.ffb-id-66ic6j39{ padding-bottom: 30px;}.ffb-id-66ic6j39{ text-align: center !important;}.ffb-id-66ic6j39 ,.ffb-id-66ic6j39:before,.ffb-id-66ic6j39:after,.ffb-id-66ic6j39:hover,.ffb-id-66ic6j39:focus,.ffb-id-66ic6j39 *,.ffb-id-66ic6j39 *:before,.ffb-id-66ic6j39 *:after,.ffb-id-66ic6j39 *:hover,.ffb-id-66ic6j39 *:focus{ text-align: center !important;}<\/style><script type=\"text\/javascript\"><\/script>\n","protected":false},"excerpt":{"rendered":"","protected":false},"author":2,"featured_media":0,"parent":0,"menu_order":0,"comment_status":"closed","ping_status":"closed","template":"","meta":{"_acf_changed":false,"footnotes":""},"class_list":["post-1527","page","type-page","status-publish","hentry","post-wrapper"],"acf":[],"_links":{"self":[{"href":"https:\/\/www.substanceoflife.com\/hr\/wp-json\/wp\/v2\/pages\/1527","targetHints":{"allow":["GET"]}}],"collection":[{"href":"https:\/\/www.substanceoflife.com\/hr\/wp-json\/wp\/v2\/pages"}],"about":[{"href":"https:\/\/www.substanceoflife.com\/hr\/wp-json\/wp\/v2\/types\/page"}],"author":[{"embeddable":true,"href":"https:\/\/www.substanceoflife.com\/hr\/wp-json\/wp\/v2\/users\/2"}],"replies":[{"embeddable":true,"href":"https:\/\/www.substanceoflife.com\/hr\/wp-json\/wp\/v2\/comments?post=1527"}],"version-history":[{"count":5,"href":"https:\/\/www.substanceoflife.com\/hr\/wp-json\/wp\/v2\/pages\/1527\/revisions"}],"predecessor-version":[{"id":1723,"href":"https:\/\/www.substanceoflife.com\/hr\/wp-json\/wp\/v2\/pages\/1527\/revisions\/1723"}],"wp:attachment":[{"href":"https:\/\/www.substanceoflife.com\/hr\/wp-json\/wp\/v2\/media?parent=1527"}],"curies":[{"name":"wp","href":"https:\/\/api.w.org\/{rel}","templated":true}]}}