{"id":1345,"date":"2022-09-27T00:53:14","date_gmt":"2022-09-26T22:53:14","guid":{"rendered":"https:\/\/new.substanceoflife.com\/about-me\/"},"modified":"2022-10-04T22:02:07","modified_gmt":"2022-10-04T20:02:07","slug":"o-meni","status":"publish","type":"page","link":"https:\/\/www.substanceoflife.com\/hr\/o-meni\/","title":{"rendered":"O meni"},"content":{"rendered":"<section class=\"ffb-id-660oantm fg-section fg-text-dark\"><div class=\"fg-container container fg-container-large fg-container-lvl--1 \"><div class=\"fg-row row    \" ><div class=\"ffb-id-660oantn fg-col col-xs-12 col-md-4 fg-text-dark\"><img decoding=\"async\" class=\"ffb-id-660oc679 fg-image  img-responsive full-width fg-text-dark\" src=\"https:\/\/www.substanceoflife.com\/wp-content\/uploads\/2015\/09\/davor1.jpg\" alt=\"davor1\"><\/div><div class=\"ffb-id-660oogtd fg-col col-xs-12 col-md-1 hidden-xs hidden-sm fg-text-dark\"><\/div><div class=\"ffb-id-660omkit fg-col col-xs-12 col-md-7 fg-text-dark\"><h1 class=\"ffb-id-660omr0g fg-heading text-center  text-md-left  fg-text-dark\">Davor Vdovi\u0107<\/h1><div class=\"ffb-id-660opta6 fg-paragraph ff-richtext text-left    fg-text-dark\"><\/p>\n<p>Davor je hrvatski glazbenik i life-coach.<\/p>\n<p>Zadnjih je 30+ godina u potpunosti posve\u0107en putu samospoznaje, glazbi i me\u0111uljudskim odnosima u cijelosti. U tih je tridesetak godina napravio na tisu\u0107e konzultacija, &scaron;to u Hrvatskoj &scaron;to izvan nje, slu\u017ee\u0107i se pri tom, kako zapadnom, tako i vedskom astrologijom te Ayurvedom. 1990. prvi puta susre\u0107e dr. Deepaka Chopru i poha\u0111a njegove seminare.<\/p>\n<p>Iskusan je instruktor tehnika disanja (Pranayame).<\/p>\n<p>Od 2001. godine Davor u svojoj konzultativnoj praksi objedinjuje Jyotish, Ajurvedu i Vastu. Tako\u0111er je radio mnoge partnerske konzultacije (privatne i poslovne), koriste\u0107i astrolo&scaron;ko znanje o kompatibilnosti.<\/p>\n<p>Sretan je roditelj i sretno je o\u017eenjen.<\/p>\n<p>Prije nekoliko godina, vidjev&scaron;i da ljudi imaju sve vi&scaron;e problema u me\u0111uljudskim odnosima, njegova tiha i bla\u017eena bra\u010dna suputnica Ananda daje mu ideju da ste\u010deno znanje podijeli s onima koji to \u017eele.<\/p>\n<p>Davorova empatija i razumijevanje u\u010dinit \u0107e va&scaron;e susrete nezaboravnim iskustvom.<\/p>\n<p><\/div><\/div><\/div><\/div><\/section><style>.ffb-id-660oantm{ padding-top: 60px;padding-bottom: 60px;}@media (min-width:992px) { .ffb-id-660oantm{ padding-top: 120px;padding-bottom: 120px;}}.ffb-id-660opta6{ padding-top: 20px;}@media (min-width:992px) { .ffb-id-660opta6{ padding-top: 40px;}}.ffb-id-660opta6{ font-size: 1.1em !important;line-height: 1.4em !important;}.ffb-id-660opta6 ,.ffb-id-660opta6:before,.ffb-id-660opta6:after,.ffb-id-660opta6:hover,.ffb-id-660opta6:focus,.ffb-id-660opta6 *,.ffb-id-660opta6 *:before,.ffb-id-660opta6 *:after,.ffb-id-660opta6 *:hover,.ffb-id-660opta6 *:focus{ font-size: 1.1em !important;line-height: 1.4em !important;}.ffb-id-660omr0g{ text-align: center !important;}.ffb-id-660omr0g ,.ffb-id-660omr0g:before,.ffb-id-660omr0g:after,.ffb-id-660omr0g:hover,.ffb-id-660omr0g:focus,.ffb-id-660omr0g *,.ffb-id-660omr0g *:before,.ffb-id-660omr0g *:after,.ffb-id-660omr0g *:hover,.ffb-id-660omr0g *:focus{ text-align: center !important;}@media (min-width:992px) { .ffb-id-660omr0g{ text-align: left !important;}}@media (min-width:992px) { .ffb-id-660omr0g ,.ffb-id-660omr0g:before,.ffb-id-660omr0g:after,.ffb-id-660omr0g:hover,.ffb-id-660omr0g:focus,.ffb-id-660omr0g *,.ffb-id-660omr0g *:before,.ffb-id-660omr0g *:after,.ffb-id-660omr0g *:hover,.ffb-id-660omr0g *:focus{ text-align: left !important;}}<\/style><script type=\"text\/javascript\"><\/script>\n","protected":false},"excerpt":{"rendered":"","protected":false},"author":1,"featured_media":1299,"parent":0,"menu_order":0,"comment_status":"closed","ping_status":"closed","template":"","meta":{"_acf_changed":false,"footnotes":""},"class_list":["post-1345","page","type-page","status-publish","has-post-thumbnail","hentry","post-wrapper"],"acf":[],"_links":{"self":[{"href":"https:\/\/www.substanceoflife.com\/hr\/wp-json\/wp\/v2\/pages\/1345","targetHints":{"allow":["GET"]}}],"collection":[{"href":"https:\/\/www.substanceoflife.com\/hr\/wp-json\/wp\/v2\/pages"}],"about":[{"href":"https:\/\/www.substanceoflife.com\/hr\/wp-json\/wp\/v2\/types\/page"}],"author":[{"embeddable":true,"href":"https:\/\/www.substanceoflife.com\/hr\/wp-json\/wp\/v2\/users\/1"}],"replies":[{"embeddable":true,"href":"https:\/\/www.substanceoflife.com\/hr\/wp-json\/wp\/v2\/comments?post=1345"}],"version-history":[{"count":5,"href":"https:\/\/www.substanceoflife.com\/hr\/wp-json\/wp\/v2\/pages\/1345\/revisions"}],"predecessor-version":[{"id":1649,"href":"https:\/\/www.substanceoflife.com\/hr\/wp-json\/wp\/v2\/pages\/1345\/revisions\/1649"}],"wp:featuredmedia":[{"embeddable":true,"href":"https:\/\/www.substanceoflife.com\/hr\/wp-json\/wp\/v2\/media\/1299"}],"wp:attachment":[{"href":"https:\/\/www.substanceoflife.com\/hr\/wp-json\/wp\/v2\/media?parent=1345"}],"curies":[{"name":"wp","href":"https:\/\/api.w.org\/{rel}","templated":true}]}}