{"id":1315,"date":"2020-01-26T21:00:41","date_gmt":"2020-01-26T20:00:41","guid":{"rendered":"https:\/\/new.substanceoflife.com\/sample-page\/"},"modified":"2022-10-04T21:43:36","modified_gmt":"2022-10-04T19:43:36","slug":"sample-page","status":"publish","type":"page","link":"https:\/\/www.substanceoflife.com\/hr\/","title":{"rendered":"Po\u010detna"},"content":{"rendered":"<p><section class=\"ffb-id-660etkp9 fg-section fg-text-dark\"><div class=\"fg-container container fg-container-large fg-container-lvl--1 \"><div class=\"fg-row row    \" ><div class=\"ffb-id-660etkpa fg-col col-xs-12 col-md-12 fg-text-dark\"><div class=\"ffb-id-660f6mn5 fg-text-dark\">\n\t\t\t<!-- START Home HR REVOLUTION SLIDER 6.7.31 --><p class=\"rs-p-wp-fix\"><\/p>\n\t\t\t<rs-module-wrap id=\"rev_slider_2_1_wrapper\" data-source=\"gallery\" style=\"visibility:hidden;background:transparent;padding:0;margin:0px auto;margin-top:0;margin-bottom:0;background-image:url(https:\/\/www.substanceoflife.com\/wp-content\/uploads\/2015\/01\/Dollarphotoclub_863677911-scaled.jpg);background-repeat:no-repeat;background-size:cover;background-position:center center;\">\n\t\t\t\t<rs-module id=\"rev_slider_2_1\" style=\"\" data-version=\"6.7.31\">\n\t\t\t\t\t<rs-slides style=\"overflow: hidden; position: absolute;\">\n\t\t\t\t\t\t<rs-slide style=\"position: absolute;\" data-key=\"rs-3\" data-title=\"Slide 1\" data-anim=\"adpr:false;\" data-in=\"o:0;\" data-out=\"a:false;\">\n\t\t\t\t\t\t\t<img decoding=\"async\" src=\"\/\/www.substanceoflife.com\/wp-content\/plugins\/revslider\/sr6\/assets\/assets\/dummy.png\" alt=\"\" title=\"Close up outdoor portrait\" width=\"2560\" height=\"1435\" class=\"rev-slidebg tp-rs-img rs-lazyload\" data-lazyload=\"\/\/www.substanceoflife.com\/wp-content\/uploads\/2015\/01\/Dollarphotoclub_863677911-scaled.jpg\" data-no-retina>\n<!--\n\t\t\t\t\t\t\t--><rs-layer\n\t\t\t\t\t\t\t\tid=\"slider-2-slide-3-layer-0\" \n\t\t\t\t\t\t\t\tdata-type=\"text\"\n\t\t\t\t\t\t\t\tdata-color=\"#ffffff\"\n\t\t\t\t\t\t\t\tdata-tsh=\"c:rgba(0,0,0,0.5);b:10px;\"\n\t\t\t\t\t\t\t\tdata-rsp_ch=\"on\"\n\t\t\t\t\t\t\t\tdata-xy=\"x:c;y:c;\"\n\t\t\t\t\t\t\t\tdata-text=\"w:normal;s:79;l:99;a:center;\"\n\t\t\t\t\t\t\t\tdata-frame_999=\"o:0;st:w;\"\n\t\t\t\t\t\t\t\tstyle=\"z-index:5;font-family:'Lora';\"\n\t\t\t\t\t\t\t>Substance of Life \n\t\t\t\t\t\t\t<\/rs-layer><!--\n\n\t\t\t\t\t\t\t--><rs-layer\n\t\t\t\t\t\t\t\tid=\"slider-2-slide-3-layer-1\" \n\t\t\t\t\t\t\t\tdata-type=\"text\"\n\t\t\t\t\t\t\t\tdata-color=\"#ffffff\"\n\t\t\t\t\t\t\t\tdata-tsh=\"c:rgba(0,0,0,0.5);b:10px;\"\n\t\t\t\t\t\t\t\tdata-rsp_ch=\"on\"\n\t\t\t\t\t\t\t\tdata-xy=\"x:c;y:502px;\"\n\t\t\t\t\t\t\t\tdata-text=\"w:normal;s:37;l:47;a:center;\"\n\t\t\t\t\t\t\t\tdata-frame_999=\"o:0;st:w;\"\n\t\t\t\t\t\t\t\tstyle=\"z-index:6;font-family:'Lora';\"\n\t\t\t\t\t\t\t>Sre\u0107a - Osje\u0107aj slobode - Ljubav \n\t\t\t\t\t\t\t<\/rs-layer><!--\n\n\t\t\t\t\t\t\t--><a\n\t\t\t\t\t\t\t\tid=\"slider-2-slide-3-layer-2\" \n\t\t\t\t\t\t\t\tclass=\"rs-layer rev-btn\"\n\t\t\t\t\t\t\t\thref=\"#tecajevi\" target=\"_self\"\n\t\t\t\t\t\t\t\tdata-type=\"button\"\n\t\t\t\t\t\t\t\tdata-color=\"#ffffff\"\n\t\t\t\t\t\t\t\tdata-rsp_ch=\"on\"\n\t\t\t\t\t\t\t\tdata-xy=\"x:c;y:571px;\"\n\t\t\t\t\t\t\t\tdata-text=\"w:normal;l:55;fw:500;\"\n\t\t\t\t\t\t\t\tdata-dim=\"minh:0px;\"\n\t\t\t\t\t\t\t\tdata-padding=\"r:50;l:50;\"\n\t\t\t\t\t\t\t\tdata-border=\"bor:3px,3px,3px,3px;\"\n\t\t\t\t\t\t\t\tdata-frame_999=\"o:0;st:w;\"\n\t\t\t\t\t\t\t\tdata-frame_hover=\"bgc:#96c346;bor:3px,3px,3px,3px;sp:100;e:power1.inOut;bri:120%;\"\n\t\t\t\t\t\t\t\tstyle=\"z-index:7;background-color:#A0CE4E;font-family:'Roboto';\"\n\t\t\t\t\t\t\t>\u017dELITE BITI SRETNIJI? \n\t\t\t\t\t\t\t<\/a><!--\n-->\t\t\t\t\t<\/rs-slide>\n\t\t\t\t\t\t<rs-slide style=\"position: absolute;\" data-key=\"rs-4\" data-title=\"Slide 2\" data-anim=\"adpr:false;\" data-in=\"o:0;\" data-out=\"a:false;\">\n\t\t\t\t\t\t\t<img decoding=\"async\" src=\"\/\/www.substanceoflife.com\/wp-content\/plugins\/revslider\/sr6\/assets\/assets\/dummy.png\" alt=\"\" title=\"Close up outdoor portrait\" width=\"2560\" height=\"1435\" class=\"rev-slidebg tp-rs-img rs-lazyload\" data-lazyload=\"\/\/www.substanceoflife.com\/wp-content\/uploads\/2015\/01\/Dollarphotoclub_86367791-scaled.jpg\" data-no-retina>\n<!--\n\t\t\t\t\t\t\t--><rs-layer\n\t\t\t\t\t\t\t\tid=\"slider-2-slide-4-layer-0\" \n\t\t\t\t\t\t\t\tdata-type=\"text\"\n\t\t\t\t\t\t\t\tdata-color=\"#ffffff\"\n\t\t\t\t\t\t\t\tdata-tsh=\"c:rgba(0,0,0,0.5);b:10px;\"\n\t\t\t\t\t\t\t\tdata-rsp_ch=\"on\"\n\t\t\t\t\t\t\t\tdata-xy=\"x:c;y:c;\"\n\t\t\t\t\t\t\t\tdata-text=\"w:normal;s:79;l:99;a:center;\"\n\t\t\t\t\t\t\t\tdata-frame_999=\"o:0;st:w;\"\n\t\t\t\t\t\t\t\tstyle=\"z-index:5;font-family:'Lora';\"\n\t\t\t\t\t\t\t>Substance of Life \n\t\t\t\t\t\t\t<\/rs-layer><!--\n\n\t\t\t\t\t\t\t--><rs-layer\n\t\t\t\t\t\t\t\tid=\"slider-2-slide-4-layer-1\" \n\t\t\t\t\t\t\t\tdata-type=\"text\"\n\t\t\t\t\t\t\t\tdata-color=\"#ffffff\"\n\t\t\t\t\t\t\t\tdata-tsh=\"c:rgba(0,0,0,0.5);b:10px;\"\n\t\t\t\t\t\t\t\tdata-rsp_ch=\"on\"\n\t\t\t\t\t\t\t\tdata-xy=\"x:c;y:502px;\"\n\t\t\t\t\t\t\t\tdata-text=\"w:normal;s:37;l:47;a:center;\"\n\t\t\t\t\t\t\t\tdata-frame_999=\"o:0;st:w;\"\n\t\t\t\t\t\t\t\tstyle=\"z-index:6;font-family:'Lora';\"\n\t\t\t\t\t\t\t>Sre\u0107a - Osje\u0107aj slobode - Ljubav \n\t\t\t\t\t\t\t<\/rs-layer><!--\n\n\t\t\t\t\t\t\t--><a\n\t\t\t\t\t\t\t\tid=\"slider-2-slide-4-layer-2\" \n\t\t\t\t\t\t\t\tclass=\"rs-layer rev-btn\"\n\t\t\t\t\t\t\t\thref=\"#tecajevi\" target=\"_self\"\n\t\t\t\t\t\t\t\tdata-type=\"button\"\n\t\t\t\t\t\t\t\tdata-color=\"#ffffff\"\n\t\t\t\t\t\t\t\tdata-rsp_ch=\"on\"\n\t\t\t\t\t\t\t\tdata-xy=\"x:c;y:571px;\"\n\t\t\t\t\t\t\t\tdata-text=\"w:normal;l:55;fw:500;\"\n\t\t\t\t\t\t\t\tdata-dim=\"minh:0px;\"\n\t\t\t\t\t\t\t\tdata-padding=\"r:50;l:50;\"\n\t\t\t\t\t\t\t\tdata-border=\"bor:3px,3px,3px,3px;\"\n\t\t\t\t\t\t\t\tdata-frame_999=\"o:0;st:w;\"\n\t\t\t\t\t\t\t\tdata-frame_hover=\"bgc:#96c346;bor:3px,3px,3px,3px;sp:100;e:power1.inOut;bri:120%;\"\n\t\t\t\t\t\t\t\tstyle=\"z-index:7;background-color:#A0CE4E;font-family:'Roboto';\"\n\t\t\t\t\t\t\t>\u017dELITE BITI SRETNIJI? \n\t\t\t\t\t\t\t<\/a><!--\n-->\t\t\t\t\t<\/rs-slide>\n\t\t\t\t\t<\/rs-slides>\n\t\t\t\t<\/rs-module>\n\t\t\t\t<script>\n\t\t\t\t\tsetREVStartSize({c: 'rev_slider_2_1',rl:[1240,1024,778,480],el:[900],gw:[1240],gh:[900],type:'standard',justify:'',layout:'fullwidth',mh:\"0\"});if (window.RS_MODULES!==undefined && window.RS_MODULES.modules!==undefined && window.RS_MODULES.modules[\"revslider21\"]!==undefined) {window.RS_MODULES.modules[\"revslider21\"].once = false;window.revapi2 = undefined;if (window.RS_MODULES.checkMinimal!==undefined) window.RS_MODULES.checkMinimal()}\n\t\t\t\t<\/script>\n\t\t\t<\/rs-module-wrap>\n\t\t\t<!-- END REVOLUTION SLIDER -->\n<\/div><\/div><\/div><\/div><\/section><style><\/style><script type=\"text\/javascript\"><\/script><section class=\"ffb-id-660h4ean fg-section fg-text-dark\"><div class=\"fg-container container fg-container-large fg-container-lvl--1 \"><div class=\"fg-row row    \" ><div class=\"ffb-id-660h4eao fg-col col-xs-12 col-md-12 fg-text-dark\"><h1 class=\"ffb-id-660h546k fg-heading text-center    fg-text-dark\" data-fg-wow=\"flipInX\">Tri temeljna pokreta\u010da na\u0161ih \u017eivota:<br \/>Sre\u0107a  |  Osje\u0107aj slobode  |  Ljubav<\/h1><\/div><div class=\"ffb-id-660hgn9k fg-col col-xs-12 col-md-6 hidden-xs hidden-sm fg-text-dark\"><div class=\"ffb-id-660hgudn fg-paragraph ff-richtext text-right    fg-text-dark\" data-fg-wow=\"fadeInLeft\"><\/p>\n<p>Svatko te\u017ei Sre\u0107i i Slobodi &ndash; tjelesnoj, emotivnoj i duhovnoj.&nbsp;Isto tako, svatko te\u017ei primanju i davanju Ljubavi na ve\u0107 spomenutim razinama.<\/p>\n<p>Svaka smetnja u ispunjenju bilo koje od navedenih kvaliteta, u najmanju ruku, dovodi do &nbsp;stresa, depresije, frustracije i nezadovoljstva.&nbsp;Stoga je neizmjerno va\u017eno da su sve tri kvalitete barem donekle prisutne u na&scaron;im \u017eivotima.<\/p>\n<p>Me\u0111u njima postoji stalna povezanost i me\u0111uovisnost. Kada si sretan\/sretna, osje\u0107aji voljenja (Ljubavi) i Slobode su prisutni. Kad osje\u0107a&scaron; Ljubav, istovremeno se osje\u0107a&scaron; sretnim i slobodnim.<\/p>\n<p><\/div><\/div><div class=\"ffb-id-660hicii fg-col col-xs-12 col-md-6 hidden-xs hidden-sm fg-text-dark\"><div class=\"ffb-id-660hicij fg-paragraph ff-richtext text-left    fg-text-dark\" data-fg-wow=\"fadeInRight\"><\/p>\n<p>Ako je tako u Tvom \u017divotu, onda je Tvoj \u017divot tijek bezbroj ispunjavaju\u0107ih sada&scaron;njih trenutaka.<br \/>Ukoliko to nije slu\u010daj u Tvom \u017divotu, savjetuje se primjena neke od jednostavnih metoda za obnovu tvog prirodnog stanja.<\/p>\n<p>Postoje mnogobrojni mehanizmi &ndash; metode, da si pomogne&scaron; u smislu ostvarenja SU&Scaron;TINE \u017dIVOTA. Dovoljno je redovito, svakodnevno, &bdquo;investirati&ldquo; sat-dva, a zauzvrat satima u\u017eiva&scaron; u svakom \u017eivotnom trenutku.<\/p>\n<p><\/div><\/div><div class=\"ffb-id-660hrjvo fg-col col-xs-12 col-md-12 hidden-md hidden-lg fg-text-dark\"><div class=\"ffb-id-660hrjvp fg-paragraph ff-richtext text-center    fg-text-dark\" data-fg-wow=\"fadeIn\"><\/p>\n<p>Svatko te\u017ei Sre\u0107i i Slobodi &ndash; tjelesnoj, emotivnoj i duhovnoj.&nbsp;Isto tako, svatko te\u017ei primanju i davanju Ljubavi na ve\u0107 spomenutim razinama.<\/p>\n<p>Svaka smetnja u ispunjenju bilo koje od navedenih kvaliteta, u najmanju ruku, dovodi do &nbsp;stresa, depresije, frustracije i nezadovoljstva.&nbsp;Stoga je neizmjerno va\u017eno da su sve tri kvalitete barem donekle prisutne u na&scaron;im \u017eivotima.<\/p>\n<p>Me\u0111u njima postoji stalna povezanost i me\u0111uovisnost. Kada si sretan\/sretna, osje\u0107aji voljenja (Ljubavi) i Slobode su prisutni. Kad osje\u0107a&scaron; Ljubav, istovremeno se osje\u0107a&scaron; sretnim i slobodnim.<\/p>\n<p>Ako je tako u Tvom \u017divotu, onda je Tvoj \u017divot tijek bezbroj ispunjavaju\u0107ih sada&scaron;njih trenutaka.<br \/>Ukoliko to nije slu\u010daj u Tvom \u017divotu, savjetuje se primjena neke od jednostavnih metoda za obnovu tvog prirodnog stanja.<\/p>\n<p>Postoje mnogobrojni mehanizmi &ndash; metode, da si pomogne&scaron; u smislu ostvarenja SU&Scaron;TINE \u017dIVOTA. Dovoljno je redovito, svakodnevno, &bdquo;investirati&ldquo; sat-dva, a zauzvrat satima u\u017eiva&scaron; u svakom \u017eivotnom trenutku.<\/p>\n<p><\/div><\/div><\/div><\/div><\/section><style>.ffb-id-660h4ean{ padding-top: 50px;padding-bottom: 50px;}@media (min-width:992px) { .ffb-id-660h4ean{ padding-top: 100px;padding-bottom: 100px;}}.ffb-id-660hrjvp{ font-weight: 400 !important;}.ffb-id-660hrjvp ,.ffb-id-660hrjvp:before,.ffb-id-660hrjvp:after,.ffb-id-660hrjvp:hover,.ffb-id-660hrjvp:focus,.ffb-id-660hrjvp *,.ffb-id-660hrjvp *:before,.ffb-id-660hrjvp *:after,.ffb-id-660hrjvp *:hover,.ffb-id-660hrjvp *:focus{ font-weight: 400 !important;}.ffb-id-660hicij{ font-weight: 400 !important;}.ffb-id-660hicij ,.ffb-id-660hicij:before,.ffb-id-660hicij:after,.ffb-id-660hicij:hover,.ffb-id-660hicij:focus,.ffb-id-660hicij *,.ffb-id-660hicij *:before,.ffb-id-660hicij *:after,.ffb-id-660hicij *:hover,.ffb-id-660hicij *:focus{ font-weight: 400 !important;}.ffb-id-660hgudn{ font-weight: 400 !important;}.ffb-id-660hgudn ,.ffb-id-660hgudn:before,.ffb-id-660hgudn:after,.ffb-id-660hgudn:hover,.ffb-id-660hgudn:focus,.ffb-id-660hgudn *,.ffb-id-660hgudn *:before,.ffb-id-660hgudn *:after,.ffb-id-660hgudn *:hover,.ffb-id-660hgudn *:focus{ font-weight: 400 !important;}.ffb-id-660h546k{ padding-bottom: 15px;}@media (min-width:992px) { .ffb-id-660h546k{ padding-bottom: 30px;}}.ffb-id-660h546k{ line-height: 1.5em !important;font-weight: 300 !important;}.ffb-id-660h546k ,.ffb-id-660h546k:before,.ffb-id-660h546k:after,.ffb-id-660h546k:hover,.ffb-id-660h546k:focus,.ffb-id-660h546k *,.ffb-id-660h546k *:before,.ffb-id-660h546k *:after,.ffb-id-660h546k *:hover,.ffb-id-660h546k *:focus{ line-height: 1.5em !important;font-weight: 300 !important;}<\/style><script type=\"text\/javascript\"><\/script><section class=\"ffb-id-660hur15 fg-section fg-force-fullwidth fg-el-has-bg fg-text-dark\"><span class=\"fg-bg\"><span data-fg-bg=\"{&quot;type&quot;:&quot;image&quot;,&quot;opacity&quot;:&quot;1&quot;,&quot;url&quot;:&quot;https:\\\/\\\/www.substanceoflife.com\\\/wp-content\\\/uploads\\\/2015\\\/01\\\/bg3_rgb2.jpg&quot;,&quot;size&quot;:&quot;cover&quot;,&quot;repeat&quot;:&quot;no-repeat&quot;,&quot;attachment&quot;:&quot;scroll&quot;,&quot;position&quot;:&quot;center center&quot;}\" class=\"fg-bg-layer fg-bg-type-image \" style=\"opacity: 1; background-image: url(&quot;https:\/\/www.substanceoflife.com\/wp-content\/uploads\/2015\/01\/bg3_rgb2.jpg&quot;); background-repeat: no-repeat; background-attachment: scroll; background-position: center center; background-size: cover;\"><\/span><\/span><div class=\"fg-container container-fluid fg-container-fluid fg-container-lvl--1 \"><div class=\"fg-row row    \" ><div class=\"ffb-id-660hur16 fg-col col-xs-12 col-md-12 fg-text-dark\"><h1 class=\"ffb-id-660hvnfn fg-heading text-center    fg-text-dark\" data-fg-wow=\"zoomIn\">Ro\u0111eni smo sretni.<br \/>Nismo ovdje kako bi &ldquo;postali&rdquo; sretni.<br \/>Sre\u0107a je na&scaron;e prirodno, uro\u0111eno stanje.<\/h1><\/div><\/div><\/div><\/section><style>.ffb-id-660h4ean{ \npadding-top: 50px;\npadding-bottom: 50px;\n\n}\n@media (min-width:992px) { \n.ffb-id-660h4ean{ \npadding-top: 100px;\npadding-bottom: 100px;\n\n}\n}.ffb-id-660hrjvp{ \nfont-weight: 400 !important;\n}\n.ffb-id-660hrjvp ,\n.ffb-id-660hrjvp:before,\n.ffb-id-660hrjvp:after,\n.ffb-id-660hrjvp:hover,\n.ffb-id-660hrjvp:focus,\n.ffb-id-660hrjvp *,\n.ffb-id-660hrjvp *:before,\n.ffb-id-660hrjvp *:after,\n.ffb-id-660hrjvp *:hover,\n.ffb-id-660hrjvp *:focus{ \nfont-weight: 400 !important;\n}\n.ffb-id-660hicij{ \nfont-weight: 400 !important;\n}\n.ffb-id-660hicij ,\n.ffb-id-660hicij:before,\n.ffb-id-660hicij:after,\n.ffb-id-660hicij:hover,\n.ffb-id-660hicij:focus,\n.ffb-id-660hicij *,\n.ffb-id-660hicij *:before,\n.ffb-id-660hicij *:after,\n.ffb-id-660hicij *:hover,\n.ffb-id-660hicij *:focus{ \nfont-weight: 400 !important;\n}\n.ffb-id-660hgudn{ \nfont-weight: 400 !important;\n}\n.ffb-id-660hgudn ,\n.ffb-id-660hgudn:before,\n.ffb-id-660hgudn:after,\n.ffb-id-660hgudn:hover,\n.ffb-id-660hgudn:focus,\n.ffb-id-660hgudn *,\n.ffb-id-660hgudn *:before,\n.ffb-id-660hgudn *:after,\n.ffb-id-660hgudn *:hover,\n.ffb-id-660hgudn *:focus{ \nfont-weight: 400 !important;\n}\n.ffb-id-660h546k{ \npadding-bottom: 15px;\n\n}\n@media (min-width:992px) { \n.ffb-id-660h546k{ \npadding-bottom: 30px;\n\n}\n}.ffb-id-660h546k{ \nline-height: 1.5em !important;\nfont-weight: 300 !important;\n}\n.ffb-id-660h546k ,\n.ffb-id-660h546k:before,\n.ffb-id-660h546k:after,\n.ffb-id-660h546k:hover,\n.ffb-id-660h546k:focus,\n.ffb-id-660h546k *,\n.ffb-id-660h546k *:before,\n.ffb-id-660h546k *:after,\n.ffb-id-660h546k *:hover,\n.ffb-id-660h546k *:focus{ \nline-height: 1.5em !important;\nfont-weight: 300 !important;\n}\n.ffb-id-660hur15{ padding-top: 40px;padding-bottom: 40px;}@media (min-width:992px) { .ffb-id-660hur15{ padding-top: 80px;padding-bottom: 80px;}}.ffb-id-660hur15 ,.ffb-id-660hur15:before,.ffb-id-660hur15:after,.ffb-id-660hur15 *,.ffb-id-660hur15 *:before,.ffb-id-660hur15 *:after{ color: #ffffff !important;}.ffb-id-660hvnfn{ line-height: 1.8em !important;}.ffb-id-660hvnfn ,.ffb-id-660hvnfn:before,.ffb-id-660hvnfn:after,.ffb-id-660hvnfn:hover,.ffb-id-660hvnfn:focus,.ffb-id-660hvnfn *,.ffb-id-660hvnfn *:before,.ffb-id-660hvnfn *:after,.ffb-id-660hvnfn *:hover,.ffb-id-660hvnfn *:focus{ line-height: 1.8em !important;}<\/style><script type=\"text\/javascript\"><\/script><section class=\"ffb-id-660ia2fi fg-section fg-text-dark\" id=\"tecajevi\"><div class=\"fg-container container fg-container-large fg-container-lvl--1 \"><div class=\"fg-row row    \" ><div class=\"ffb-id-660ia2fj fg-col col-xs-12 col-md-6 fg-text-dark\" data-fg-wow=\"flipInY\"><div class=\"ffb-id-660l03uv fg-row row     fg-text-dark\"><div class=\"ffb-id-660l077c fg-col col-xs-12 col-md-4 hidden-xs hidden-sm fg-text-dark\"><\/div><div class=\"ffb-id-660l0a02 fg-col col-xs-12 col-md-4 fg-text-dark\"><h4 class=\"ffb-id-660l2lia fg-heading text-center    fg-text-dark\">ASTROLOGIJA<\/h4><\/div><div class=\"ffb-id-660l0cfi fg-col col-xs-12 col-md-4 hidden-xs hidden-sm fg-text-dark\"><\/div><\/div><h2 class=\"ffb-id-660kncdj fg-heading text-center    fg-text-dark\">Jyotish \u2013 Vedska Astrologija<\/h2><div class=\"ffb-id-660l3r52 fg-paragraph ff-richtext text-center    fg-text-dark\"><\/p>\n<p>Postoji vi&scaron;e vrsta astrologija: Zapadna, Vedska, Mayanska, Keltska, Babilonska, Kineska, Egipatska, Perzijska i mnoge druge.<br \/>Svima njima je zajedni\u010dko da se bave planetarnim utjecajima, kako na pojedinca, tako i na cjelokupni \u017eivot na Zemlji.<\/p>\n<p>Uz du\u017eno po&scaron;tovanje prema svim vrstama astrologije, autor ovih redaka daje prednost vedskoj astrologiji Jyotish, iako se u tridesetogodi&scaron;njem konzultacijskom radu koristi, kako vedskom, tako i zapadnom astrologijom.<\/p>\n<p><\/div><div class=\"ffb-id-660lefhf buttons-el-wrapper text-center    fg-text-dark\" style=\"text-transform:uppercase; \"><a href=\"\/jyotish-vedska-astrologija\/\" class=\"ffb-block-button-1-0 ffb-btn ffb-btn-v1 ffb-btn-link  btn-base-brd-slide btn-slide  btn-base-sm btn-slide-top   btn-w-auto fg-text-dark ffb-button1-1\"><span class=\"btn-text\"><i class=\"fa fa-sun-o\"><\/i>&nbsp;&nbsp; Vi\u0161e o Vedskoj Astrologiji - Jyotish<\/span><\/a><\/div><\/div><div class=\"ffb-id-660l7stq fg-col col-xs-12 col-md-6 fg-text-dark\" data-fg-wow=\"flipInY\"><div class=\"ffb-id-660l7str fg-row row     fg-text-dark\"><div class=\"ffb-id-660l7su1 fg-col col-xs-12 col-md-4 hidden-xs hidden-sm fg-text-dark\"><\/div><div class=\"ffb-id-660l7su2 fg-col col-xs-12 col-md-4 fg-text-dark\"><h4 class=\"ffb-id-660l7su4 fg-heading text-center    fg-text-dark\">TE\u010cAJEVI<\/h4><\/div><div class=\"ffb-id-660l7su5 fg-col col-xs-12 col-md-4 hidden-xs hidden-sm fg-text-dark\"><\/div><\/div><h2 class=\"ffb-id-660l7su6 fg-heading text-center    fg-text-dark\">Yoga Odnosa<\/h2><div class=\"ffb-id-660l7su7 fg-paragraph ff-richtext text-center    fg-text-dark\"><\/p>\n<p>Me\u0111uljudski se odnosi zasnivaju stalno i na svim razinama.<\/p>\n<p>Zapo\u010dinju pup\u010danom vrpcom i prije ro\u0111enja te cijelog \u017eivota predstavljaju va\u017ean, ako ne i najva\u017eniji \u010dimbenik koji pro\u017eima sve, apsolutno sve.<\/p>\n<p>Uspjeh na poslu, brak, obitelj, prijatelji, fizi\u010dki izgled, pa \u010dak i zdravlje, samo su neke od mnogobrojnih \u017eivotnih tema koje nam jasno pokazuju va\u017enost me\u0111uljudskih odnosa u na&scaron;em \u017eivotu.<\/p>\n<p><\/div><div class=\"ffb-id-660m27m5 buttons-el-wrapper text-center    fg-text-dark\" style=\"text-transform:uppercase; \"><a href=\"\/tecaj-yoga-odnosa\/\" class=\"ffb-block-button-2-0 ffb-btn ffb-btn-v1 ffb-btn-link  btn-base-brd-slide btn-slide  btn-base-sm btn-slide-top   btn-w-auto fg-text-dark ffb-button1-1\"><span class=\"btn-text\"><i class=\"fa fa-heart\"><\/i>&nbsp;&nbsp; Vi\u0161e o te\u010daju \"Yoga Odnosa\"<\/span><\/a><\/div><\/div><\/div><\/div><\/section><style>.ffb-id-660hur15{ \npadding-top: 40px;\npadding-bottom: 40px;\n\n}\n@media (min-width:992px) { \n.ffb-id-660hur15{ \npadding-top: 80px;\npadding-bottom: 80px;\n\n}\n}.ffb-id-660hur15 ,\n.ffb-id-660hur15:before,\n.ffb-id-660hur15:after,\n.ffb-id-660hur15 *,\n.ffb-id-660hur15 *:before,\n.ffb-id-660hur15 *:after{ \ncolor: #ffffff !important;\n}\n.ffb-id-660hvnfn{ \nline-height: 1.8em !important;\n}\n.ffb-id-660hvnfn ,\n.ffb-id-660hvnfn:before,\n.ffb-id-660hvnfn:after,\n.ffb-id-660hvnfn:hover,\n.ffb-id-660hvnfn:focus,\n.ffb-id-660hvnfn *,\n.ffb-id-660hvnfn *:before,\n.ffb-id-660hvnfn *:after,\n.ffb-id-660hvnfn *:hover,\n.ffb-id-660hvnfn *:focus{ \nline-height: 1.8em !important;\n}\n.ffb-id-660ia2fi{ padding-top: 40px;padding-bottom: 40px;}@media (min-width:992px) { .ffb-id-660ia2fi{ padding-top: 80px;padding-bottom: 80px;}}.ffb-id-660m27m5 .ffb-button1-1.ffb-block-button-2-0.btn-base-brd-slide{ color:#333333;}.ffb-id-660m27m5 .ffb-button1-1.ffb-block-button-2-0.btn-base-brd-slide{ border-color: transparent;}.ffb-id-660m27m5 .ffb-button1-1.ffb-block-button-2-0.btn-base-brd-slide:hover{ border-color: transparent;}.ffb-id-660m27m5 .ffb-button1-1.ffb-block-button-2-0.btn-base-brd-slide{ background-color:#a0ce4e;}.ffb-id-660m27m5 .ffb-button1-1.ffb-block-button-2-0.btn-base-brd-slide:after{ background: #96c346;}.ffb-id-660m27m5{ padding-top: 15px;}.ffb-id-660m27m5 ,.ffb-id-660m27m5:before,.ffb-id-660m27m5:after,.ffb-id-660m27m5 *,.ffb-id-660m27m5 *:before,.ffb-id-660m27m5 *:after{ color: #333333 !important;}.ffb-id-660l7su7{ font-weight: 400 !important;}.ffb-id-660l7su7 ,.ffb-id-660l7su7:before,.ffb-id-660l7su7:after,.ffb-id-660l7su7:hover,.ffb-id-660l7su7:focus,.ffb-id-660l7su7 *,.ffb-id-660l7su7 *:before,.ffb-id-660l7su7 *:after,.ffb-id-660l7su7 *:hover,.ffb-id-660l7su7 *:focus{ font-weight: 400 !important;}.ffb-id-660l7su6{ padding-bottom: 0px;}.ffb-id-660l7su6{ line-height: 1.8em !important;}.ffb-id-660l7su6 ,.ffb-id-660l7su6:before,.ffb-id-660l7su6:after,.ffb-id-660l7su6:hover,.ffb-id-660l7su6:focus,.ffb-id-660l7su6 *,.ffb-id-660l7su6 *:before,.ffb-id-660l7su6 *:after,.ffb-id-660l7su6 *:hover,.ffb-id-660l7su6 *:focus{ line-height: 1.8em !important;}.ffb-id-660l7su4{ padding-bottom: 10px;}@media (min-width:992px) { .ffb-id-660l7su4{ padding-bottom: 20px;}}.ffb-id-660l7su4{ border-bottom: 1px solid #333333 !important;}.ffb-id-660l7su4{ line-height: 1.8em !important;}.ffb-id-660l7su4 ,.ffb-id-660l7su4:before,.ffb-id-660l7su4:after,.ffb-id-660l7su4:hover,.ffb-id-660l7su4:focus,.ffb-id-660l7su4 *,.ffb-id-660l7su4 *:before,.ffb-id-660l7su4 *:after,.ffb-id-660l7su4 *:hover,.ffb-id-660l7su4 *:focus{ line-height: 1.8em !important;}.ffb-id-660lefhf .ffb-button1-1.ffb-block-button-1-0.btn-base-brd-slide{ color:#333333;}.ffb-id-660lefhf .ffb-button1-1.ffb-block-button-1-0.btn-base-brd-slide{ border-color: transparent;}.ffb-id-660lefhf .ffb-button1-1.ffb-block-button-1-0.btn-base-brd-slide:hover{ border-color: transparent;}.ffb-id-660lefhf .ffb-button1-1.ffb-block-button-1-0.btn-base-brd-slide{ background-color:#a0ce4e;}.ffb-id-660lefhf .ffb-button1-1.ffb-block-button-1-0.btn-base-brd-slide:after{ background: #96c346;}.ffb-id-660lefhf{ padding-top: 15px;}.ffb-id-660l3r52{ font-weight: 400 !important;}.ffb-id-660l3r52 ,.ffb-id-660l3r52:before,.ffb-id-660l3r52:after,.ffb-id-660l3r52:hover,.ffb-id-660l3r52:focus,.ffb-id-660l3r52 *,.ffb-id-660l3r52 *:before,.ffb-id-660l3r52 *:after,.ffb-id-660l3r52 *:hover,.ffb-id-660l3r52 *:focus{ font-weight: 400 !important;}.ffb-id-660kncdj{ padding-bottom: 0px;}.ffb-id-660kncdj{ line-height: 1.8em !important;}.ffb-id-660kncdj ,.ffb-id-660kncdj:before,.ffb-id-660kncdj:after,.ffb-id-660kncdj:hover,.ffb-id-660kncdj:focus,.ffb-id-660kncdj *,.ffb-id-660kncdj *:before,.ffb-id-660kncdj *:after,.ffb-id-660kncdj *:hover,.ffb-id-660kncdj *:focus{ line-height: 1.8em !important;}.ffb-id-660l2lia{ padding-bottom: 10px;}@media (min-width:992px) { .ffb-id-660l2lia{ padding-bottom: 20px;}}.ffb-id-660l2lia{ border-bottom: 1px solid #333333 !important;}.ffb-id-660l2lia{ line-height: 1.8em !important;}.ffb-id-660l2lia ,.ffb-id-660l2lia:before,.ffb-id-660l2lia:after,.ffb-id-660l2lia:hover,.ffb-id-660l2lia:focus,.ffb-id-660l2lia *,.ffb-id-660l2lia *:before,.ffb-id-660l2lia *:after,.ffb-id-660l2lia *:hover,.ffb-id-660l2lia *:focus{ line-height: 1.8em !important;}<\/style><script type=\"text\/javascript\"><\/script><\/p>\n","protected":false},"excerpt":{"rendered":"","protected":false},"author":1,"featured_media":1299,"parent":0,"menu_order":0,"comment_status":"closed","ping_status":"open","template":"","meta":{"_acf_changed":false,"footnotes":""},"class_list":["post-1315","page","type-page","status-publish","has-post-thumbnail","hentry","post-wrapper"],"acf":[],"_links":{"self":[{"href":"https:\/\/www.substanceoflife.com\/hr\/wp-json\/wp\/v2\/pages\/1315","targetHints":{"allow":["GET"]}}],"collection":[{"href":"https:\/\/www.substanceoflife.com\/hr\/wp-json\/wp\/v2\/pages"}],"about":[{"href":"https:\/\/www.substanceoflife.com\/hr\/wp-json\/wp\/v2\/types\/page"}],"author":[{"embeddable":true,"href":"https:\/\/www.substanceoflife.com\/hr\/wp-json\/wp\/v2\/users\/1"}],"replies":[{"embeddable":true,"href":"https:\/\/www.substanceoflife.com\/hr\/wp-json\/wp\/v2\/comments?post=1315"}],"version-history":[{"count":7,"href":"https:\/\/www.substanceoflife.com\/hr\/wp-json\/wp\/v2\/pages\/1315\/revisions"}],"predecessor-version":[{"id":1326,"href":"https:\/\/www.substanceoflife.com\/hr\/wp-json\/wp\/v2\/pages\/1315\/revisions\/1326"}],"wp:featuredmedia":[{"embeddable":true,"href":"https:\/\/www.substanceoflife.com\/hr\/wp-json\/wp\/v2\/media\/1299"}],"wp:attachment":[{"href":"https:\/\/www.substanceoflife.com\/hr\/wp-json\/wp\/v2\/media?parent=1315"}],"curies":[{"name":"wp","href":"https:\/\/api.w.org\/{rel}","templated":true}]}}